{"id":2,"date":"2023-11-27T13:32:57","date_gmt":"2023-11-27T12:32:57","guid":{"rendered":"https:\/\/prijimacitesty2023.ff.upol.cz\/online-testy\/?page_id=2"},"modified":"2026-02-26T17:05:20","modified_gmt":"2026-02-26T16:05:20","slug":"zkusebni-stranka","status":"publish","type":"page","link":"https:\/\/prijimacitesty2025.ff.upol.cz\/tsp\/","title":{"rendered":""},"content":{"rendered":"<div id=\"sekce-formaty-nadpis-1\" style=\"width: 100%; text-align: center; padding: 0px; margin: 0px;\">\n<h3>TESTY P\u0158EDPOKLAD\u016e KE STUDIU:<\/h3>\n<\/div>\n<ul class=\"tile01-containertsp\">\n<li class=\"tile01\"><a style=\"text-decoration: none;\" href=\"https:\/\/prijimacitesty2025.ff.upol.cz\/tsp\/category\/spf-2025\/\" aria-label=\"TSP 2025\"><span class=\"nadpis\">SPF 2025<\/span><br \/>\n<strong>TESTY P\u0158EDPOKLAD\u016e KE STUDIU S D\u016eRAZEM NA ORIENTACI V HUMANITN\u00cdCH A SOCI\u00c1LN\u011a-V\u011aDN\u00ddCH DISCIPL\u00cdN\u00c1CH<\/strong><br \/>\n<i>&#8211; Verb\u00e1ln\u00ed my\u0161len\u00ed a jazykov\u00e9 kompetence<\/i><br \/>\n<i>&#8211; Logicko-analytick\u00e9 my\u0161len\u00ed<\/i><br \/>\n<i>&#8211; Kritick\u00e9 my\u0161len\u00ed<\/i><br \/>\n<i>&#8211; V\u0161eobecn\u00e9 znalosti<\/i><\/p>\n<p><span class=\"nabidka\">NAB\u00cdDKA TEST\u016e SPF 2025\u2192<\/span><\/a><\/li>\n<\/ul>\n<hr \/>\n<div id=\"sekce-formaty-nadpis-2\" style=\"width: 100%; text-align: center; padding: 0px; margin: 0px;\">\n<h3>OBOROV\u00c9 TESTY:<\/h3>\n<\/div>\n<ul class=\"tile01-container\">\n<li class=\"tile01\"><a style=\"text-decoration: none;\" href=\"https:\/\/prijimacitesty2025.ff.upol.cz\/tsp\/category\/ppc-2025\/\" aria-label=\"PPC\"><span class=\"nadpis\">PPC 2025<\/span><br \/>\nP\u00edsemn\u00e9 testy programu:<br \/>\n<strong>PSYCHOLOGIE<\/strong><br \/>\n<i>\u2013 Prezen\u010dn\u00ed \/ Kombinovan\u00e9 studium<\/i><br \/>\n<i>\u2013 Bakal\u00e1\u0159sk\u00e9 samostatn\u00e9 studium<\/i><\/p>\n<p><span class=\"nabidka\">NAB\u00cdDKA TEST\u016e PPC 2025\u2192<\/span><br \/>\n<\/a><\/li>\n<li class=\"tile01\"><a style=\"text-decoration: none;\" href=\"https:\/\/prijimacitesty2025.ff.upol.cz\/tsp\/category\/ppcn-2025\/\" aria-label=\"PPCN\"><span class=\"nadpis\">PPCN 2025<\/span><br \/>\nP\u00edsemn\u00e9 testy programu:<br \/>\n<strong>PSYCHOLOGIE<\/strong><br \/>\n<i>&#8211; Navazuj\u00edc\u00ed magistersk\u00e9 studium<\/i><\/p>\n<p><span class=\"nabidka\">NAB\u00cdDKA TEST\u016e PPCN 2025\u2192<\/span><br \/>\n<\/a><\/li>\n<li class=\"tile01\"><a style=\"text-decoration: none;\" href=\"https:\/\/prijimacitesty2025.ff.upol.cz\/tsp\/category\/pko-2025\/\" aria-label=\"PKO\"><span class=\"nadpis\">PKO 2025<\/span><br \/>\nP\u00edsemn\u00e9 testy programu:<br \/>\n<strong>KOREJSK\u00c1 STUDIA<\/strong><br \/>\n<i>\u2013 Prezen\u010dn\u00ed bakal\u00e1\u0159sk\u00e9 samostatn\u00e9 studium<\/i><\/p>\n<p><span class=\"nabidka\">NAB\u00cdDKA TEST\u016e PKO 2025\u2192<\/span><br \/>\n<\/a><\/li>\n<li class=\"tile01\"><a style=\"text-decoration: none;\" href=\"https:\/\/prijimacitesty2025.ff.upol.cz\/tsp\/category\/pso-2025\/\" aria-label=\"PSO\"><span class=\"nadpis\">PSO 2025<\/span><br \/>\nP\u00edsemn\u00e9 testy programu:<br \/>\n<strong>SOCI\u00c1LN\u00cd PR\u00c1CE<\/strong><br \/>\n<i>&#8211; Kombinovan\u00e9 bakal\u00e1\u0159sk\u00e9 samostatn\u00e9 studium<\/i><\/p>\n<p><span class=\"nabidka\">NAB\u00cdDKA TEST\u016e PSO 2025\u2192<\/span><br \/>\n<\/a><\/li>\n<li class=\"tile01\"><a style=\"text-decoration: none;\" href=\"https:\/\/prijimacitesty2025.ff.upol.cz\/tsp\/category\/par-2025\/\" aria-label=\"PAR\"><span class=\"nadpis\">PAR 2025<\/span><br \/>\nP\u00edsemn\u00e9 testy programu:<br \/>\n<strong>ARCHEOLOGIE<\/strong><br \/>\n<i>\u2013 Prezen\u010dn\u00ed bakal\u00e1\u0159sk\u00e9 samostatn\u00e9 studium<\/i><br \/>\n<i>\u2013 Prezen\u010dn\u00ed bakal\u00e1\u0159sk\u00e9 sdru\u017een\u00e9 studium<\/i><br \/>\n<i>\u2013 Kombinovan\u00e9 bakal\u00e1\u0159sk\u00e9 samostatn\u00e9 studium<\/i><\/p>\n<p><span class=\"nabidka\">NAB\u00cdDKA TEST\u016e PAR 2025\u2192<\/span><br \/>\n<\/a><\/li>\n<li class=\"tile01\"><a style=\"text-decoration: none;\" href=\"https:\/\/prijimacitesty2025.ff.upol.cz\/tsp\/category\/ptu-2025\/\" aria-label=\"PTU\"><span class=\"nadpis\">PTU 2025<\/span><br \/>\nP\u00edsemn\u00e9 testy programu:<br \/>\n<strong>TEORIE A D\u011aJINY V\u00ddTVARN\u00ddCH UM\u011aN\u00cd<\/strong><br \/>\n<i>&#8211; Prezen\u010dn\u00ed bakal\u00e1\u0159sk\u00e9 samostatn\u00e9\/sdru\u017een\u00e9 studium<\/i><br \/>\n<strong>D\u011aJINY UM\u011aN\u00cd A PAM\u00c1TKOV\u00c1 P\u00c9\u010cE<\/strong><br \/>\n<i>&#8211; Prezen\u010dn\u00ed bakal\u00e1\u0159sk\u00e9 samostatn\u00e9 studium)<\/i><\/p>\n<p><span class=\"nabidka\">NAB\u00cdDKA TEST\u016e PTU 2025\u2192<\/span><br \/>\n<\/a><\/li>\n<li class=\"tile01\"><a style=\"text-decoration: none;\" href=\"https:\/\/prijimacitesty2025.ff.upol.cz\/tsp\/category\/pev-2025\/\" aria-label=\"PEV\"><span class=\"nadpis\">PEV 2025<\/span><br \/>\nP\u00edsemn\u00e9 testy programu:<br \/>\n<strong>EVROPSK\u00c1 STUDIA A DIPLOMACIE<\/strong><br \/>\n<i>&#8211; Prezen\u010dn\u00ed bakal\u00e1\u0159sk\u00e9 sdru\u017een\u00e9 studium<\/i><br \/>\n<strong>MEZIN\u00c1RODN\u00cd VZTAHY A BEZPE\u010cNOST<\/strong><br \/>\n<i>\u2013 Prezen\u010dn\u00ed bakal\u00e1\u0159sk\u00e9 sdru\u017een\u00e9 studium<\/i><br \/>\n<strong>POLITICK\u00c1 KOMUNIKACE A MARKETING<\/strong><br \/>\n<i>\u2013 Prezen\u010dn\u00ed bakal\u00e1\u0159sk\u00e9 sdru\u017een\u00e9 studium<\/i><br \/>\n<strong>POLITOLOGIE<\/strong><br \/>\n<i>\u2013 Prezen\u010dn\u00ed bakal\u00e1\u0159sk\u00e9 sdru\u017een\u00e9 studium<\/i><\/p>\n<p><span class=\"nabidka\">NAB\u00cdDKA TEST\u016e PEV 2025\u2192<\/span><br \/>\n<\/a><\/li>\n<li class=\"tile01\"><a style=\"text-decoration: none;\" href=\"https:\/\/prijimacitesty2025.ff.upol.cz\/tsp\/category\/paf-2025\/\" aria-label=\"PAF\"><span class=\"nadpis\">PAF 2025<\/span><br \/>\nP\u00edsemn\u00e9 testy pro program:<br \/>\n<strong>ANGLICK\u00c1 FILOLOGIE<\/strong><br \/>\n<i>\u2013 prezen\u010dn\u00ed bakal\u00e1\u0159sk\u00e9 samostatn\u00e9 studium \/ kombinace 2 program\u016f<\/i><br \/>\n<strong>ANGLI\u010cTINA PRO TLUMO\u010cEN\u00cd A P\u0158EKLAD<\/strong><br \/>\n<i>\u2013 prezen\u010dn\u00ed bakal\u00e1\u0159sk\u00e9 samostatn\u00e9 studium<\/i><\/p>\n<p><span class=\"nabidka\">NAB\u00cdDKA TEST\u016e PAF 2025\u2192<\/span><br \/>\n<\/a><\/li>\n<\/ul>\n<hr \/>\n<p><a href=\"https:\/\/www.ff.upol.cz\/uchazecum\/den-otevrenych-dveri\/\" target=\"_blank\" rel=\"noopener\"><img decoding=\"async\" style=\"width: 100%; max-width: 1024px; border: 10px #ffffff solid; box-shadow: 0 4px 8px 0 rgba(0, 0, 0, 0.2), 0 6px 20px 0 rgba(0, 0, 0, 0.19); text-align: center;\" title=\"Den otev\u0159en\u00fdch dve\u0159\u00ed\" src=\"https:\/\/prijimacitesty2025.ff.upol.cz\/tsp\/wp-content\/uploads\/2026\/02\/megabanner_V3_3ku1-scaled.png\" alt=\"Den otev\u0159en\u00fdch dve\u0159\u00ed\" \/><\/a><\/p>\n<hr \/>\n<p><img decoding=\"async\" style=\"width: 100%; max-width: 1024px; border: 10px #ffffff solid; box-shadow: 0 4px 8px 0 rgba(0, 0, 0, 0.2), 0 6px 20px 0 rgba(0, 0, 0, 0.19); text-align: center;\" src=\"https:\/\/prijimacitesty2023.ff.upol.cz\/tsp\/wp-content\/uploads\/2023\/11\/najdi-svuj-sen.jpg\" \/><\/p>\n<hr \/>\n","protected":false},"excerpt":{"rendered":"<p>TESTY P\u0158EDPOKLAD\u016e KE STUDIU: SPF 2025 TESTY P\u0158EDPOKLAD\u016e KE STUDIU S D\u016eRAZEM NA ORIENTACI V HUMANITN\u00cdCH A SOCI\u00c1LN\u011a-V\u011aDN\u00ddCH DISCIPL\u00cdN\u00c1CH &#8211; Verb\u00e1ln\u00ed my\u0161len\u00ed a jazykov\u00e9 kompetence &#8211; Logicko-analytick\u00e9 my\u0161len\u00ed &#8211; Kritick\u00e9 my\u0161len\u00ed &#8211; V\u0161eobecn\u00e9 znalosti NAB\u00cdDKA TEST\u016e SPF 2025\u2192 OBOROV\u00c9 TESTY: PPC 2025 P\u00edsemn\u00e9 testy programu: PSYCHOLOGIE \u2013 Prezen\u010dn\u00ed \/ Kombinovan\u00e9 &hellip;<\/p>\n","protected":false},"author":1,"featured_media":0,"parent":0,"menu_order":0,"comment_status":"closed","ping_status":"closed","template":"","meta":{"footnotes":""},"class_list":["post-2","page","type-page","status-publish","hentry"],"_links":{"self":[{"href":"https:\/\/prijimacitesty2025.ff.upol.cz\/tsp\/wp-json\/wp\/v2\/pages\/2","targetHints":{"allow":["GET"]}}],"collection":[{"href":"https:\/\/prijimacitesty2025.ff.upol.cz\/tsp\/wp-json\/wp\/v2\/pages"}],"about":[{"href":"https:\/\/prijimacitesty2025.ff.upol.cz\/tsp\/wp-json\/wp\/v2\/types\/page"}],"author":[{"embeddable":true,"href":"https:\/\/prijimacitesty2025.ff.upol.cz\/tsp\/wp-json\/wp\/v2\/users\/1"}],"replies":[{"embeddable":true,"href":"https:\/\/prijimacitesty2025.ff.upol.cz\/tsp\/wp-json\/wp\/v2\/comments?post=2"}],"version-history":[{"count":137,"href":"https:\/\/prijimacitesty2025.ff.upol.cz\/tsp\/wp-json\/wp\/v2\/pages\/2\/revisions"}],"predecessor-version":[{"id":1491,"href":"https:\/\/prijimacitesty2025.ff.upol.cz\/tsp\/wp-json\/wp\/v2\/pages\/2\/revisions\/1491"}],"wp:attachment":[{"href":"https:\/\/prijimacitesty2025.ff.upol.cz\/tsp\/wp-json\/wp\/v2\/media?parent=2"}],"curies":[{"name":"wp","href":"https:\/\/api.w.org\/{rel}","templated":true}]}}